{"id":62,"date":"2024-12-09T15:32:39","date_gmt":"2024-12-09T14:32:39","guid":{"rendered":"http:\/\/fchveog.cluster027.hosting.ovh.net\/index.php\/peregrine\/"},"modified":"2024-12-29T23:56:51","modified_gmt":"2024-12-29T22:56:51","slug":"peregrine","status":"publish","type":"page","link":"https:\/\/atsk.pl\/","title":{"rendered":"Front Page"},"content":{"rendered":"<div data-colibri-id=\"62-c1\" class=\"style-186 style-local-62-c1 position-relative\">\n  <!---->\n  <div data-colibri-component=\"section\" data-colibri-id=\"62-c2\" id=\"oferta\" class=\"h-section h-section-global-spacing d-flex align-items-lg-center align-items-md-center align-items-center style-194 style-local-62-c2 position-relative\">\n    <!---->\n    <!---->\n    <div class=\"h-section-grid-container h-section-boxed-container\">\n      <div data-colibri-id=\"62-c16\" class=\"h-row-container gutters-row-lg-2 gutters-row-md-2 gutters-row-0 gutters-row-v-lg-2 gutters-row-v-md-2 gutters-row-v-2 style-202 style-local-62-c16 position-relative\">\n        <!---->\n        <div class=\"h-row justify-content-lg-center justify-content-md-center justify-content-center align-items-lg-stretch align-items-md-stretch align-items-stretch gutters-col-lg-2 gutters-col-md-2 gutters-col-0 gutters-col-v-lg-2 gutters-col-v-md-2 gutters-col-v-2\">\n          <!---->\n          <div class=\"h-column h-column-container d-flex h-col-lg-auto h-col-md-auto h-col-auto style-203-outer style-local-62-c17-outer\">\n            <div data-colibri-id=\"62-c17\" class=\"d-flex h-flex-basis h-column__inner h-px-lg-2 h-px-md-2 h-px-2 v-inner-lg-2 v-inner-md-2 v-inner-2 style-203 style-local-62-c17 position-relative\">\n              <!---->\n              <!---->\n              <div class=\"w-100 h-y-container h-column__content h-column__v-align flex-basis-100 align-self-lg-start align-self-md-start align-self-start\">\n                <!---->\n                <div data-colibri-id=\"62-c18\" class=\"h-global-transition-all h-heading style-204 style-local-62-c18 position-relative h-element\">\n                  <!---->\n                  <div class=\"h-heading__outer style-204 style-local-62-c18\">\n                    <!---->\n                    <!---->\n                    <h2 class=\"\">Nasze us\u0142ugi<\/h2>\n                  <\/div>\n                <\/div>\n              <\/div>\n            <\/div>\n          <\/div>\n        <\/div>\n      <\/div>\n      <div data-colibri-id=\"62-c3\" class=\"h-row-container gutters-row-lg-2 gutters-row-md-2 gutters-row-2 gutters-row-v-lg-2 gutters-row-v-md-2 gutters-row-v-2 style-195 style-local-62-c3 position-relative\">\n        <!---->\n        <div class=\"h-row justify-content-lg-center justify-content-md-center justify-content-center align-items-lg-stretch align-items-md-stretch align-items-stretch gutters-col-lg-2 gutters-col-md-2 gutters-col-2 gutters-col-v-lg-2 gutters-col-v-md-2 gutters-col-v-2\">\n          <!---->\n          <div class=\"h-column h-column-container d-flex h-col-lg-4 h-col-md-6 h-col-12 style-196-outer style-local-62-c4-outer\">\n            <div data-colibri-id=\"62-c4\" class=\"d-flex h-flex-basis h-column__inner h-px-lg-3 h-px-md-3 h-px-2 v-inner-lg-3 v-inner-md-3 v-inner-2 style-196 style-local-62-c4 position-relative\">\n              <!---->\n              <!---->\n              <div class=\"w-100 h-y-container h-column__content h-column__v-align flex-basis-100 align-self-lg-center align-self-md-center align-self-center\">\n                <!---->\n                <div data-colibri-id=\"62-c5\" class=\"h-icon style-197 style-local-62-c5 position-relative h-element\">\n                  <!----><span class=\"h-svg-icon h-icon__icon style-197-icon style-local-62-c5-icon\"><!--Icon by Icons8 Line Awesome (https:\/\/icons8.com\/line-awesome)--><svg version=\"1.1\" xmlns=\"http:\/\/www.w3.org\/2000\/svg\" xmlns:xlink=\"http:\/\/www.w3.org\/1999\/xlink\" id=\"connectdevelop\" viewBox=\"0 0 512 545.5\"><path d=\"M146.5 99h219l4.5 8 100 174.5 4.5 8-4.5 8L370 472l-4.5 8h-219l-4.5-8L42 297.5l-4.5-8 4.5-8L142 107zm39 32l25 26 73-26h-98zm146 0L223 169.5l35 36.5zm-167 1.5l-.5 1V174l30.5-11zm184.5 3l-79.5 82 57 59L391 208zm-201 26L135 184l13-4.5v-18zm58.5 14L164 191v62l23.5 25 59.5-60.5zm-58.5 21l-25.5 9-1 2L148 236v-39.5zM113 222l-38.5 67.5 38 66L148 319v-59.5zm285 2l-60.5 64 38.5 39.5zm-140 5l-59.5 61 57.5 61 59.5-63zm152.5 13.5l-20.5 99 11 11.5 36.5-63.5zm-246.5 34v26l12.5-13zm162.5 23L267 363l8.5 9H367l5.5-25.5zm-139 2L164 325v47h72l9-9zm-39.5 40L120.5 370l1.5 2h26v-30.5zm238 19l-2.5 11.5h6.5l2.5-4.5zM131 388l17 29.5V388h-17zm33 0v57.5l1 2 56-59.5h-57zm79 0l-56.5 60h138l-56-60H243zm47.5 0l56 60 7-12 10-48h-73zm89.5 0l-.5 2.5 1.5-2.5h-1z\"><\/path><\/svg><\/span><\/div>\n                <div\n                  data-colibri-id=\"62-c6\" class=\"h-global-transition-all h-heading style-198 style-local-62-c6 position-relative h-element\">\n                  <!---->\n                  <div class=\"h-heading__outer style-198 style-local-62-c6\">\n                    <!---->\n                    <!---->\n                    <h4 class=\"\">Doradztwo IT<\/h4>\n                  <\/div>\n              <\/div>\n              <div data-colibri-id=\"62-c7\" class=\"h-text h-text-component style-199 style-local-62-c7 position-relative h-element\">\n                <!---->\n                <!---->\n                <div class=\"\">\n                  <p><span style=\"color: rgb(122, 122, 122); font-family: Roboto; font-size: 16px; font-weight: 400;\">Oferujemy us\u0142ug\u0119 w postaci analizy i oceny potrzeb biznesu, co pozwala zaproponowa\u0107 kompleksowe rozwi\u0105zanie w zakresie oprogramowania oraz infrastruktury serwerowo-sieciowej<\/span><\/p>\n                <\/div>\n              <\/div>\n            <\/div>\n          <\/div>\n        <\/div>\n        <div class=\"h-column h-column-container d-flex h-col-lg-4 h-col-md-6 h-col-12 style-196-outer style-local-62-c8-outer\">\n          <div data-colibri-id=\"62-c8\" class=\"d-flex h-flex-basis h-column__inner h-px-lg-3 h-px-md-3 h-px-2 v-inner-lg-3 v-inner-md-3 v-inner-2 style-196 style-local-62-c8 position-relative\">\n            <!---->\n            <!---->\n            <div class=\"w-100 h-y-container h-column__content h-column__v-align flex-basis-100 align-self-lg-center align-self-md-center align-self-center\">\n              <!---->\n              <div data-colibri-id=\"62-c9\" class=\"h-icon style-197 style-local-62-c9 position-relative h-element\">\n                <!----><span class=\"h-svg-icon h-icon__icon style-197-icon style-local-62-c9-icon\"><!--Icon by Icons8 Line Awesome (https:\/\/icons8.com\/line-awesome)--><svg version=\"1.1\" xmlns=\"http:\/\/www.w3.org\/2000\/svg\" xmlns:xlink=\"http:\/\/www.w3.org\/1999\/xlink\" id=\"connectdevelop\" viewBox=\"0 0 512 545.5\"><path d=\"M146.5 99h219l4.5 8 100 174.5 4.5 8-4.5 8L370 472l-4.5 8h-219l-4.5-8L42 297.5l-4.5-8 4.5-8L142 107zm39 32l25 26 73-26h-98zm146 0L223 169.5l35 36.5zm-167 1.5l-.5 1V174l30.5-11zm184.5 3l-79.5 82 57 59L391 208zm-201 26L135 184l13-4.5v-18zm58.5 14L164 191v62l23.5 25 59.5-60.5zm-58.5 21l-25.5 9-1 2L148 236v-39.5zM113 222l-38.5 67.5 38 66L148 319v-59.5zm285 2l-60.5 64 38.5 39.5zm-140 5l-59.5 61 57.5 61 59.5-63zm152.5 13.5l-20.5 99 11 11.5 36.5-63.5zm-246.5 34v26l12.5-13zm162.5 23L267 363l8.5 9H367l5.5-25.5zm-139 2L164 325v47h72l9-9zm-39.5 40L120.5 370l1.5 2h26v-30.5zm238 19l-2.5 11.5h6.5l2.5-4.5zM131 388l17 29.5V388h-17zm33 0v57.5l1 2 56-59.5h-57zm79 0l-56.5 60h138l-56-60H243zm47.5 0l56 60 7-12 10-48h-73zm89.5 0l-.5 2.5 1.5-2.5h-1z\"><\/path><\/svg><\/span><\/div>\n              <div\n                data-colibri-id=\"62-c10\" class=\"h-global-transition-all h-heading style-198 style-local-62-c10 position-relative h-element\">\n                <!---->\n                <div class=\"h-heading__outer style-198 style-local-62-c10\">\n                  <!---->\n                  <!---->\n                  <h4 class=\"\">WDRO\u017bENIA IT<\/h4>\n                <\/div>\n            <\/div>\n            <div data-colibri-id=\"62-c11\" class=\"h-text h-text-component style-199 style-local-62-c11 position-relative h-element\">\n              <!---->\n              <!---->\n              <div class=\"\">\n                <p>Oferujemy us\u0142ug\u0119 kompleksowego wdro\u017cenia wybranych przez firm\u0119 rozwi\u0105za\u0144 IT. \u015awiadczymy pomoc na ka\u017cdym etapie wdra\u017cania rozwi\u0105za\u0144, wykorzystuj\u0105c nasze kwalifikacje oparte na wieloletnim do\u015bwiadczeniu w bran\u017cy IT<\/p>\n              <\/div>\n            <\/div>\n          <\/div>\n        <\/div>\n      <\/div>\n      <div class=\"h-column h-column-container d-flex h-col-lg-4 h-col-md-6 h-col-12 style-196-outer style-local-62-c12-outer\">\n        <div data-colibri-id=\"62-c12\" class=\"d-flex h-flex-basis h-column__inner h-px-lg-3 h-px-md-3 h-px-2 v-inner-lg-3 v-inner-md-3 v-inner-2 style-196 style-local-62-c12 position-relative\">\n          <!---->\n          <!---->\n          <div class=\"w-100 h-y-container h-column__content h-column__v-align flex-basis-100 align-self-lg-center align-self-md-center align-self-center\">\n            <!---->\n            <div data-colibri-id=\"62-c13\" class=\"h-icon style-197 style-local-62-c13 position-relative h-element\">\n              <!----><span class=\"h-svg-icon h-icon__icon style-197-icon style-local-62-c13-icon\"><!--Icon by Icons8 Line Awesome (https:\/\/icons8.com\/line-awesome)--><svg version=\"1.1\" xmlns=\"http:\/\/www.w3.org\/2000\/svg\" xmlns:xlink=\"http:\/\/www.w3.org\/1999\/xlink\" id=\"connectdevelop\" viewBox=\"0 0 512 545.5\"><path d=\"M146.5 99h219l4.5 8 100 174.5 4.5 8-4.5 8L370 472l-4.5 8h-219l-4.5-8L42 297.5l-4.5-8 4.5-8L142 107zm39 32l25 26 73-26h-98zm146 0L223 169.5l35 36.5zm-167 1.5l-.5 1V174l30.5-11zm184.5 3l-79.5 82 57 59L391 208zm-201 26L135 184l13-4.5v-18zm58.5 14L164 191v62l23.5 25 59.5-60.5zm-58.5 21l-25.5 9-1 2L148 236v-39.5zM113 222l-38.5 67.5 38 66L148 319v-59.5zm285 2l-60.5 64 38.5 39.5zm-140 5l-59.5 61 57.5 61 59.5-63zm152.5 13.5l-20.5 99 11 11.5 36.5-63.5zm-246.5 34v26l12.5-13zm162.5 23L267 363l8.5 9H367l5.5-25.5zm-139 2L164 325v47h72l9-9zm-39.5 40L120.5 370l1.5 2h26v-30.5zm238 19l-2.5 11.5h6.5l2.5-4.5zM131 388l17 29.5V388h-17zm33 0v57.5l1 2 56-59.5h-57zm79 0l-56.5 60h138l-56-60H243zm47.5 0l56 60 7-12 10-48h-73zm89.5 0l-.5 2.5 1.5-2.5h-1z\"><\/path><\/svg><\/span><\/div>\n            <div\n              data-colibri-id=\"62-c14\" class=\"h-global-transition-all h-heading style-198 style-local-62-c14 position-relative h-element\">\n              <!---->\n              <div class=\"h-heading__outer style-198 style-local-62-c14\">\n                <!---->\n                <!---->\n                <h4 class=\"\">OUTSOURCING IT<\/h4>\n              <\/div>\n          <\/div>\n          <div data-colibri-id=\"62-c15\" class=\"h-text h-text-component style-199 style-local-62-c15 position-relative h-element\">\n            <!---->\n            <!---->\n            <div class=\"\">\n              <p>Oferujemy us\u0142ug\u0119 utrzymania infrastruktury informatycznej firmy. Zarz\u0105dzanie infrastruktur\u0105 serwerow\u0105, sieciow\u0105, utrzymanie aplikacji oraz serwis sprz\u0119tu IT<\/p>\n            <\/div>\n          <\/div>\n        <\/div>\n      <\/div>\n    <\/div>\n  <\/div>\n<\/div>\n<\/div>\n<\/div>\n<div data-colibri-component=\"section\" data-colibri-id=\"62-c19\" id=\"kontakt\" class=\"h-section h-section-global-spacing d-flex align-items-lg-center align-items-md-center align-items-center style-187 style-local-62-c19 position-relative\">\n  <!---->\n  <!---->\n  <div class=\"h-section-grid-container h-section-boxed-container\">\n    <!---->\n    <div data-colibri-id=\"62-c20\" class=\"h-row-container gutters-row-lg-0 gutters-row-md-0 gutters-row-0 gutters-row-v-lg-0 gutters-row-v-md-0 gutters-row-v-0 style-188 style-local-62-c20 position-relative\">\n      <!---->\n      <div class=\"h-row justify-content-lg-center justify-content-md-center justify-content-center align-items-lg-stretch align-items-md-stretch align-items-stretch gutters-col-lg-0 gutters-col-md-0 gutters-col-0 gutters-col-v-lg-0 gutters-col-v-md-0 gutters-col-v-0\">\n        <!---->\n        <div class=\"h-column h-column-container d-flex h-col-lg-auto h-col-md-auto h-col-auto style-189-outer style-local-62-c21-outer\">\n          <div data-colibri-id=\"62-c21\" class=\"d-flex h-flex-basis h-column__inner h-px-lg-0 h-px-md-0 h-px-0 v-inner-lg-0 v-inner-md-0 v-inner-0 style-189 style-local-62-c21 position-relative\">\n            <!---->\n            <!---->\n            <div class=\"w-100 h-y-container h-column__content h-column__v-align flex-basis-100 align-self-lg-start align-self-md-start align-self-start\">\n              <!---->\n              <div data-colibri-id=\"62-c22\" class=\"h-global-transition-all h-heading style-190 style-local-62-c22 position-relative h-element\">\n                <!---->\n                <div class=\"h-heading__outer style-190 style-local-62-c22\">\n                  <!---->\n                  <!---->\n                  <h5 class=\"\">Kontakt<\/h5>\n                <\/div>\n              <\/div>\n              <div data-colibri-id=\"62-c23\" class=\"h-text h-text-component style-192 style-local-62-c23 position-relative h-element\">\n                <!---->\n                <!---->\n                <div class=\"\">\n                  <p>ATSK Adam Turbiarz<\/p>\n                  <p>ul. Ossendowskiego 3b<\/p>\n                  <p>93-228 \u0141\u00f3d\u017a<\/p>\n                  <p>NIP 727-239-15-44<\/p>\n                  <p>mail: biuro@atsk.pl<\/p>\n                <\/div>\n              <\/div>\n            <\/div>\n          <\/div>\n        <\/div>\n        <div class=\"h-column h-column-container d-flex h-col-lg-auto h-col-md-auto h-col-auto style-193-outer style-local-62-c24-outer\">\n          <div data-colibri-id=\"62-c24\" class=\"d-flex h-flex-basis h-column__inner h-ui-empty-state-container h-px-lg-2 h-px-md-2 h-px-2 v-inner-lg-2 v-inner-md-2 v-inner-2 style-193 style-local-62-c24 position-relative\">\n            <!---->\n            <!---->\n            <div class=\"w-100 h-y-container h-column__content h-column__v-align flex-basis-100\">\n              <!---->\n            <\/div>\n          <\/div>\n        <\/div>\n      <\/div>\n    <\/div>\n  <\/div>\n<\/div>\n<\/div>","protected":false},"excerpt":{"rendered":"<p>Nasze us\u0142ugi Doradztwo IT Oferujemy us\u0142ug\u0119 w postaci analizy i oceny potrzeb biznesu, [&hellip;]<\/p>\n","protected":false},"author":1,"featured_media":0,"parent":0,"menu_order":0,"comment_status":"closed","ping_status":"closed","template":"page-templates\/homepage.php","meta":{"footnotes":""},"class_list":["post-62","page","type-page","status-publish","hentry"],"_links":{"self":[{"href":"https:\/\/atsk.pl\/index.php\/wp-json\/wp\/v2\/pages\/62","targetHints":{"allow":["GET"]}}],"collection":[{"href":"https:\/\/atsk.pl\/index.php\/wp-json\/wp\/v2\/pages"}],"about":[{"href":"https:\/\/atsk.pl\/index.php\/wp-json\/wp\/v2\/types\/page"}],"author":[{"embeddable":true,"href":"https:\/\/atsk.pl\/index.php\/wp-json\/wp\/v2\/users\/1"}],"replies":[{"embeddable":true,"href":"https:\/\/atsk.pl\/index.php\/wp-json\/wp\/v2\/comments?post=62"}],"version-history":[{"count":17,"href":"https:\/\/atsk.pl\/index.php\/wp-json\/wp\/v2\/pages\/62\/revisions"}],"predecessor-version":[{"id":227,"href":"https:\/\/atsk.pl\/index.php\/wp-json\/wp\/v2\/pages\/62\/revisions\/227"}],"wp:attachment":[{"href":"https:\/\/atsk.pl\/index.php\/wp-json\/wp\/v2\/media?parent=62"}],"curies":[{"name":"wp","href":"https:\/\/api.w.org\/{rel}","templated":true}]}}